{"id":467,"date":"2023-04-10T16:10:10","date_gmt":"2023-04-10T19:10:10","guid":{"rendered":"https:\/\/ligamasterdefutebol.com.br\/?page_id=467"},"modified":"2023-04-27T18:41:04","modified_gmt":"2023-04-27T21:41:04","slug":"copa-internacional-de-futebol-legends","status":"publish","type":"page","link":"https:\/\/ligamasterdefutebol.com.br\/?page_id=467","title":{"rendered":"Copa Internacional de Futebol Legends"},"content":{"rendered":"\t\t<div data-elementor-type=\"wp-page\" data-elementor-id=\"467\" class=\"elementor elementor-467\">\n\t\t\t\t\t\t\t\t\t<section class=\"elementor-section elementor-top-section elementor-element elementor-element-40e77e9 elementor-section-boxed elementor-section-height-default elementor-section-height-default wpr-particle-no wpr-jarallax-no wpr-parallax-no wpr-sticky-section-no\" data-id=\"40e77e9\" data-element_type=\"section\">\n\t\t\t\t\t\t<div class=\"elementor-container elementor-column-gap-default\">\n\t\t\t\t\t<div class=\"elementor-column elementor-col-100 elementor-top-column elementor-element elementor-element-1e2f1e3\" data-id=\"1e2f1e3\" data-element_type=\"column\">\n\t\t\t<div class=\"elementor-widget-wrap elementor-element-populated\">\n\t\t\t\t\t\t\t\t<div class=\"elementor-element elementor-element-5e7f451 elementor-widget elementor-widget-text-editor\" data-id=\"5e7f451\" data-element_type=\"widget\" data-widget_type=\"text-editor.default\">\n\t\t\t\t<div class=\"elementor-widget-container\">\n\t\t\t<style>\/*! elementor - v3.6.6 - 08-06-2022 *\/\n.elementor-widget-text-editor.elementor-drop-cap-view-stacked .elementor-drop-cap{background-color:#818a91;color:#fff}.elementor-widget-text-editor.elementor-drop-cap-view-framed .elementor-drop-cap{color:#818a91;border:3px solid;background-color:transparent}.elementor-widget-text-editor:not(.elementor-drop-cap-view-default) .elementor-drop-cap{margin-top:8px}.elementor-widget-text-editor:not(.elementor-drop-cap-view-default) .elementor-drop-cap-letter{width:1em;height:1em}.elementor-widget-text-editor .elementor-drop-cap{float:left;text-align:center;line-height:1;font-size:50px}.elementor-widget-text-editor .elementor-drop-cap-letter{display:inline-block}<\/style>\t\t\t\t<p>A Copa Internacional de Futebol Legends \u00e9 um torneio amistoso de futebol s\u00eanior disputado por equipes formadas por ex-atletas j\u00e1 aposentados que em algum momento defenderam suas cores, seja profissionalmente ou nas divis\u00f5es de base.\u00a0<\/p>\t\t\t\t\t\t<\/div>\n\t\t\t\t<\/div>\n\t\t\t\t\t<\/div>\n\t\t<\/div>\n\t\t\t\t\t\t\t<\/div>\n\t\t<\/section>\n\t\t\t\t<section class=\"elementor-section elementor-top-section elementor-element elementor-element-fbd05ed elementor-section-boxed elementor-section-height-default elementor-section-height-default wpr-particle-no wpr-jarallax-no wpr-parallax-no wpr-sticky-section-no\" data-id=\"fbd05ed\" data-element_type=\"section\">\n\t\t\t\t\t\t<div class=\"elementor-container elementor-column-gap-default\">\n\t\t\t\t\t<div class=\"elementor-column elementor-col-50 elementor-top-column elementor-element elementor-element-7b02aac\" data-id=\"7b02aac\" data-element_type=\"column\">\n\t\t\t<div class=\"elementor-widget-wrap elementor-element-populated\">\n\t\t\t\t\t\t\t\t<div class=\"elementor-element elementor-element-17aea13 elementor-widget elementor-widget-shortcode\" data-id=\"17aea13\" data-element_type=\"widget\" data-widget_type=\"shortcode.default\">\n\t\t\t\t<div class=\"elementor-widget-container\">\n\t\t\t\t\t<div class=\"elementor-shortcode\"><div class=\"sportspress\"><div class=\"sp-template sp-template-league-table\">\n\t<h4 class=\"sp-table-caption\">Copa Internacional de Futebol Legends<\/h4><div class=\"sp-table-wrapper\"><table class=\"sp-league-table sp-data-table sp-sortable-table sp-responsive-table table_69ea5c4dc9305 sp-scrollable-table sp-paginated-table\" data-sp-rows=\"10\"><thead><tr><th class=\"data-rank\">Pos<\/th><th class=\"data-name\">Clube<\/th><th class=\"data-p\">P<\/th><th class=\"data-w\">W<\/th><th class=\"data-d\">D<\/th><th class=\"data-l\">L<\/th><th class=\"data-f\">F<\/th><th class=\"data-a\">A<\/th><th class=\"data-gd\">GD<\/th><th class=\"data-pts\">Pts<\/th><\/tr><\/thead><tbody><tr class=\"odd sp-row-no-0\"><td class=\"data-rank\" data-label=\"Pos\">0<\/td><td class=\"data-name has-logo\" data-label=\"Clube\"><a href=\"https:\/\/ligamasterdefutebol.com.br\/?sp_team=clube-atletico-mineiro\"><span class=\"team-logo\"><img width=\"122\" height=\"128\" src=\"https:\/\/ligamasterdefutebol.com.br\/wp-content\/uploads\/2023\/03\/logoAteliticoMaster-removebg-preview-122x128.png\" class=\"attachment-sportspress-fit-icon size-sportspress-fit-icon wp-post-image\" alt=\"\" loading=\"lazy\" \/><\/span>Atl\u00e9tico Mineiro<\/a><\/td><td class=\"data-p\" data-label=\"P\">6<\/td><td class=\"data-w\" data-label=\"W\">0<\/td><td class=\"data-d\" data-label=\"D\">0<\/td><td class=\"data-l\" data-label=\"L\">0<\/td><td class=\"data-f\" data-label=\"F\">0<\/td><td class=\"data-a\" data-label=\"A\">0<\/td><td class=\"data-gd\" data-label=\"GD\">0<\/td><td class=\"data-pts\" data-label=\"Pts\">0<\/td><\/tr><tr class=\"even sp-row-no-1\"><td class=\"data-rank\" data-label=\"Pos\">0<\/td><td class=\"data-name has-logo\" data-label=\"Clube\"><a href=\"https:\/\/ligamasterdefutebol.com.br\/?sp_team=corinthians\"><span class=\"team-logo\"><img width=\"128\" height=\"128\" src=\"https:\/\/ligamasterdefutebol.com.br\/wp-content\/uploads\/2023\/02\/corinthias-128x128.png\" class=\"attachment-sportspress-fit-icon size-sportspress-fit-icon wp-post-image\" alt=\"\" loading=\"lazy\" \/><\/span>Corinthias<\/a><\/td><td class=\"data-p\" data-label=\"P\">0<\/td><td class=\"data-w\" data-label=\"W\">0<\/td><td class=\"data-d\" data-label=\"D\">0<\/td><td class=\"data-l\" data-label=\"L\">0<\/td><td class=\"data-f\" data-label=\"F\">0<\/td><td class=\"data-a\" data-label=\"A\">0<\/td><td class=\"data-gd\" data-label=\"GD\">0<\/td><td class=\"data-pts\" data-label=\"Pts\">0<\/td><\/tr><tr class=\"odd sp-row-no-2\"><td class=\"data-rank\" data-label=\"Pos\">0<\/td><td class=\"data-name has-logo\" data-label=\"Clube\"><a href=\"https:\/\/ligamasterdefutebol.com.br\/?sp_team=flamengo\"><span class=\"team-logo\"><img width=\"128\" height=\"128\" src=\"https:\/\/ligamasterdefutebol.com.br\/wp-content\/uploads\/2022\/06\/flamengo-128x128.png\" class=\"attachment-sportspress-fit-icon size-sportspress-fit-icon wp-post-image\" alt=\"\" loading=\"lazy\" \/><\/span>Flamengo<\/a><\/td><td class=\"data-p\" data-label=\"P\">3<\/td><td class=\"data-w\" data-label=\"W\">0<\/td><td class=\"data-d\" data-label=\"D\">0<\/td><td class=\"data-l\" data-label=\"L\">0<\/td><td class=\"data-f\" data-label=\"F\">0<\/td><td class=\"data-a\" data-label=\"A\">0<\/td><td class=\"data-gd\" data-label=\"GD\">0<\/td><td class=\"data-pts\" data-label=\"Pts\">0<\/td><\/tr><tr class=\"even sp-row-no-3\"><td class=\"data-rank\" data-label=\"Pos\">0<\/td><td class=\"data-name has-logo\" data-label=\"Clube\"><a href=\"https:\/\/ligamasterdefutebol.com.br\/?sp_team=vasco-da-gama\"><span class=\"team-logo\"><img width=\"128\" height=\"128\" src=\"https:\/\/ligamasterdefutebol.com.br\/wp-content\/uploads\/2023\/02\/ESCUDO-VASCO-RGB-128x128.png\" class=\"attachment-sportspress-fit-icon size-sportspress-fit-icon wp-post-image\" alt=\"\" loading=\"lazy\" \/><\/span>Vasco<\/a><\/td><td class=\"data-p\" data-label=\"P\">0<\/td><td class=\"data-w\" data-label=\"W\">0<\/td><td class=\"data-d\" data-label=\"D\">0<\/td><td class=\"data-l\" data-label=\"L\">0<\/td><td class=\"data-f\" data-label=\"F\">0<\/td><td class=\"data-a\" data-label=\"A\">0<\/td><td class=\"data-gd\" data-label=\"GD\">0<\/td><td class=\"data-pts\" data-label=\"Pts\">0<\/td><\/tr><\/tbody><\/table><\/div><\/div>\n<\/div><\/div>\n\t\t\t\t<\/div>\n\t\t\t\t<\/div>\n\t\t\t\t\t<\/div>\n\t\t<\/div>\n\t\t\t\t<div class=\"elementor-column elementor-col-50 elementor-top-column elementor-element elementor-element-de74c76\" data-id=\"de74c76\" data-element_type=\"column\">\n\t\t\t<div class=\"elementor-widget-wrap elementor-element-populated\">\n\t\t\t\t\t\t\t\t<div class=\"elementor-element elementor-element-e0a37d1 elementor-widget elementor-widget-image\" data-id=\"e0a37d1\" data-element_type=\"widget\" data-widget_type=\"image.default\">\n\t\t\t\t<div class=\"elementor-widget-container\">\n\t\t\t<style>\/*! elementor - v3.6.6 - 08-06-2022 *\/\n.elementor-widget-image{text-align:center}.elementor-widget-image a{display:inline-block}.elementor-widget-image a img[src$=\".svg\"]{width:48px}.elementor-widget-image img{vertical-align:middle;display:inline-block}<\/style>\t\t\t\t\t\t\t\t\t\t\t\t<img width=\"561\" height=\"539\" src=\"https:\/\/ligamasterdefutebol.com.br\/wp-content\/uploads\/2023\/04\/copa.png\" class=\"attachment-medium_large size-medium_large\" alt=\"\" loading=\"lazy\" srcset=\"https:\/\/ligamasterdefutebol.com.br\/wp-content\/uploads\/2023\/04\/copa.png 561w, https:\/\/ligamasterdefutebol.com.br\/wp-content\/uploads\/2023\/04\/copa-300x288.png 300w, https:\/\/ligamasterdefutebol.com.br\/wp-content\/uploads\/2023\/04\/copa-128x123.png 128w, https:\/\/ligamasterdefutebol.com.br\/wp-content\/uploads\/2023\/04\/copa-32x32.png 32w\" sizes=\"(max-width: 561px) 100vw, 561px\" \/>\t\t\t\t\t\t\t\t\t\t\t\t\t\t\t<\/div>\n\t\t\t\t<\/div>\n\t\t\t\t\t<\/div>\n\t\t<\/div>\n\t\t\t\t\t\t\t<\/div>\n\t\t<\/section>\n\t\t\t\t<section class=\"elementor-section elementor-top-section elementor-element elementor-element-0ce95df elementor-section-boxed elementor-section-height-default elementor-section-height-default wpr-particle-no wpr-jarallax-no wpr-parallax-no wpr-sticky-section-no\" data-id=\"0ce95df\" data-element_type=\"section\">\n\t\t\t\t\t\t<div class=\"elementor-container elementor-column-gap-default\">\n\t\t\t\t\t<div class=\"elementor-column elementor-col-100 elementor-top-column elementor-element elementor-element-7d53f68\" data-id=\"7d53f68\" data-element_type=\"column\">\n\t\t\t<div class=\"elementor-widget-wrap\">\n\t\t\t\t\t\t\t\t\t<\/div>\n\t\t<\/div>\n\t\t\t\t\t\t\t<\/div>\n\t\t<\/section>\n\t\t\t\t\t\t\t<\/div>\n\t\t","protected":false},"excerpt":{"rendered":"<p>A Copa Internacional de Futebol Legends \u00e9 um torneio amistoso de futebol s\u00eanior disputado por equipes formadas por ex-atletas j\u00e1 aposentados que em algum momento defenderam suas cores, seja profissionalmente ou nas divis\u00f5es de base.\u00a0<\/p>\n","protected":false},"author":1,"featured_media":0,"parent":0,"menu_order":0,"comment_status":"closed","ping_status":"closed","template":"template-fullwidth.php","meta":{"om_disable_all_campaigns":false,"_mi_skip_tracking":false},"aioseo_notices":[],"_links":{"self":[{"href":"https:\/\/ligamasterdefutebol.com.br\/index.php?rest_route=\/wp\/v2\/pages\/467"}],"collection":[{"href":"https:\/\/ligamasterdefutebol.com.br\/index.php?rest_route=\/wp\/v2\/pages"}],"about":[{"href":"https:\/\/ligamasterdefutebol.com.br\/index.php?rest_route=\/wp\/v2\/types\/page"}],"author":[{"embeddable":true,"href":"https:\/\/ligamasterdefutebol.com.br\/index.php?rest_route=\/wp\/v2\/users\/1"}],"replies":[{"embeddable":true,"href":"https:\/\/ligamasterdefutebol.com.br\/index.php?rest_route=%2Fwp%2Fv2%2Fcomments&post=467"}],"version-history":[{"count":11,"href":"https:\/\/ligamasterdefutebol.com.br\/index.php?rest_route=\/wp\/v2\/pages\/467\/revisions"}],"predecessor-version":[{"id":631,"href":"https:\/\/ligamasterdefutebol.com.br\/index.php?rest_route=\/wp\/v2\/pages\/467\/revisions\/631"}],"wp:attachment":[{"href":"https:\/\/ligamasterdefutebol.com.br\/index.php?rest_route=%2Fwp%2Fv2%2Fmedia&parent=467"}],"curies":[{"name":"wp","href":"https:\/\/api.w.org\/{rel}","templated":true}]}}