{"id":793,"date":"2023-05-03T12:02:16","date_gmt":"2023-05-03T15:02:16","guid":{"rendered":"https:\/\/ligamasterdefutebol.com.br\/?page_id=793"},"modified":"2023-05-03T12:18:11","modified_gmt":"2023-05-03T15:18:11","slug":"tabela-dos-jogos","status":"publish","type":"page","link":"https:\/\/ligamasterdefutebol.com.br\/?page_id=793","title":{"rendered":"Tabela dos Jogos"},"content":{"rendered":"\t\t<div data-elementor-type=\"wp-page\" data-elementor-id=\"793\" class=\"elementor elementor-793\">\n\t\t\t\t\t\t\t\t\t<section class=\"elementor-section elementor-top-section elementor-element elementor-element-a6e79ba elementor-section-boxed elementor-section-height-default elementor-section-height-default wpr-particle-no wpr-jarallax-no wpr-parallax-no wpr-sticky-section-no\" data-id=\"a6e79ba\" data-element_type=\"section\">\n\t\t\t\t\t\t<div class=\"elementor-container elementor-column-gap-default\">\n\t\t\t\t\t<div class=\"elementor-column elementor-col-100 elementor-top-column elementor-element elementor-element-211bc26\" data-id=\"211bc26\" data-element_type=\"column\">\n\t\t\t<div class=\"elementor-widget-wrap\">\n\t\t\t\t\t\t\t\t\t<\/div>\n\t\t<\/div>\n\t\t\t\t\t\t\t<\/div>\n\t\t<\/section>\n\t\t\t\t<section class=\"elementor-section elementor-top-section elementor-element elementor-element-796a809 elementor-section-boxed elementor-section-height-default elementor-section-height-default wpr-particle-no wpr-jarallax-no wpr-parallax-no wpr-sticky-section-no\" data-id=\"796a809\" data-element_type=\"section\">\n\t\t\t\t\t\t<div class=\"elementor-container elementor-column-gap-default\">\n\t\t\t\t\t<div class=\"elementor-column elementor-col-100 elementor-top-column elementor-element elementor-element-b25d0b6\" data-id=\"b25d0b6\" data-element_type=\"column\">\n\t\t\t<div class=\"elementor-widget-wrap elementor-element-populated\">\n\t\t\t\t\t\t\t\t<div class=\"elementor-element elementor-element-ef73f98 elementor-widget elementor-widget-heading\" data-id=\"ef73f98\" data-element_type=\"widget\" data-widget_type=\"heading.default\">\n\t\t\t\t<div class=\"elementor-widget-container\">\n\t\t\t<style>\/*! elementor - v3.6.6 - 08-06-2022 *\/\n.elementor-heading-title{padding:0;margin:0;line-height:1}.elementor-widget-heading .elementor-heading-title[class*=elementor-size-]>a{color:inherit;font-size:inherit;line-height:inherit}.elementor-widget-heading .elementor-heading-title.elementor-size-small{font-size:15px}.elementor-widget-heading .elementor-heading-title.elementor-size-medium{font-size:19px}.elementor-widget-heading .elementor-heading-title.elementor-size-large{font-size:29px}.elementor-widget-heading .elementor-heading-title.elementor-size-xl{font-size:39px}.elementor-widget-heading .elementor-heading-title.elementor-size-xxl{font-size:59px}<\/style><h2 class=\"elementor-heading-title elementor-size-default\">Pr\u00f3ximo jogos<\/h2>\t\t<\/div>\n\t\t\t\t<\/div>\n\t\t\t\t\t<\/div>\n\t\t<\/div>\n\t\t\t\t\t\t\t<\/div>\n\t\t<\/section>\n\t\t\t\t<section class=\"elementor-section elementor-top-section elementor-element elementor-element-2d3671d elementor-section-boxed elementor-section-height-default elementor-section-height-default wpr-particle-no wpr-jarallax-no wpr-parallax-no wpr-sticky-section-no\" data-id=\"2d3671d\" data-element_type=\"section\">\n\t\t\t\t\t\t<div class=\"elementor-container elementor-column-gap-default\">\n\t\t\t\t\t<div class=\"elementor-column elementor-col-100 elementor-top-column elementor-element elementor-element-5665fec\" data-id=\"5665fec\" data-element_type=\"column\">\n\t\t\t<div class=\"elementor-widget-wrap elementor-element-populated\">\n\t\t\t\t\t\t\t\t<div class=\"elementor-element elementor-element-97dec90 elementor-widget elementor-widget-shortcode\" data-id=\"97dec90\" data-element_type=\"widget\" data-widget_type=\"shortcode.default\">\n\t\t\t\t<div class=\"elementor-widget-container\">\n\t\t\t\t\t<div class=\"elementor-shortcode\"><div class=\"sportspress\"><div class=\"sp-template sp-template-event-details\">\n\t<h4 class=\"sp-table-caption\">Detalhes<\/h4>\n\t<div class=\"sp-table-wrapper\">\n\t\t<table class=\"sp-event-details sp-data-table\n\t\t\t\t\t sp-scrollable-table\">\n\t\t\t<thead>\n\t\t\t\t<tr>\n\t\t\t\t\t\t\t\t\t\t\t<th>Data<\/th>\n\t\t\t\t\t\t\t\t\t\t\t\t<th>Tempo<\/th>\n\t\t\t\t\t\t\t\t\t\t\t\t<th>Liga<\/th>\n\t\t\t\t\t\t\t\t\t\t\t\t<th>Temporada<\/th>\n\t\t\t\t\t\t\t\t\t\t\t\t<th>Tempo Integral<\/th>\n\t\t\t\t\t\t\t\t\t\t<\/tr>\n\t\t\t<\/thead>\n\t\t\t<tbody>\n\t\t\t\t<tr class=\"odd\">\n\t\t\t\t\t\t\t\t\t\t\t<td>maio 5, 2023<\/td>\n\t\t\t\t\t\t\t\t\t\t\t\t<td>19:00<\/td>\n\t\t\t\t\t\t\t\t\t\t\t\t<td>Copa Internacional de Futebol Legends 2023<\/td>\n\t\t\t\t\t\t\t\t\t\t\t\t<td>2023<\/td>\n\t\t\t\t\t\t\t\t\t\t\t\t<td>0'<\/td>\n\t\t\t\t\t\t\t\t\t\t<\/tr>\n\t\t\t<\/tbody>\n\t\t<\/table>\n\t<\/div>\n<\/div>\n<\/div><\/div>\n\t\t\t\t<\/div>\n\t\t\t\t<\/div>\n\t\t\t\t\t<\/div>\n\t\t<\/div>\n\t\t\t\t\t\t\t<\/div>\n\t\t<\/section>\n\t\t\t\t<section class=\"elementor-section elementor-top-section elementor-element elementor-element-ec9d460 elementor-section-boxed elementor-section-height-default elementor-section-height-default wpr-particle-no wpr-jarallax-no wpr-parallax-no wpr-sticky-section-no\" data-id=\"ec9d460\" data-element_type=\"section\">\n\t\t\t\t\t\t<div class=\"elementor-container elementor-column-gap-default\">\n\t\t\t\t\t<div class=\"elementor-column elementor-col-100 elementor-top-column elementor-element elementor-element-9ae5dfd\" data-id=\"9ae5dfd\" data-element_type=\"column\">\n\t\t\t<div class=\"elementor-widget-wrap elementor-element-populated\">\n\t\t\t\t\t\t\t\t<div class=\"elementor-element elementor-element-2220ffa elementor-widget elementor-widget-shortcode\" data-id=\"2220ffa\" data-element_type=\"widget\" data-widget_type=\"shortcode.default\">\n\t\t\t\t<div class=\"elementor-widget-container\">\n\t\t\t\t\t<div class=\"elementor-shortcode\"><div class=\"sportspress\"><div class=\"sp-template sp-template-event-logos sp-template-event-logos-inline\"><div class=\"sp-event-logos sp-event-logos-2\"><span class=\"sp-team-logo\"><a href=\"https:\/\/ligamasterdefutebol.com.br\/?sp_team=corinthians\"><strong class=\"sp-team-name\">Corinthias<\/strong> <img width=\"128\" height=\"128\" src=\"https:\/\/ligamasterdefutebol.com.br\/wp-content\/uploads\/2023\/02\/corinthias-128x128.png\" class=\"attachment-sportspress-fit-icon size-sportspress-fit-icon wp-post-image\" alt=\"\" loading=\"lazy\" \/><\/a> <strong class=\"sp-team-result\">0<\/strong><\/span> X <span class=\"sp-team-logo\"><strong class=\"sp-team-result\">2<\/strong> <a href=\"https:\/\/ligamasterdefutebol.com.br\/?sp_team=clube-atletico-mineiro\"><img width=\"122\" height=\"128\" src=\"https:\/\/ligamasterdefutebol.com.br\/wp-content\/uploads\/2023\/03\/logoAteliticoMaster-removebg-preview-122x128.png\" class=\"attachment-sportspress-fit-icon size-sportspress-fit-icon wp-post-image\" alt=\"\" loading=\"lazy\" \/> <strong class=\"sp-team-name\">Atl\u00e9tico Mineiro<\/strong><\/a><\/span><\/div><\/div><\/div><\/div>\n\t\t\t\t<\/div>\n\t\t\t\t<\/div>\n\t\t\t\t<div class=\"elementor-element elementor-element-0671c3f elementor-widget elementor-widget-shortcode\" data-id=\"0671c3f\" data-element_type=\"widget\" data-widget_type=\"shortcode.default\">\n\t\t\t\t<div class=\"elementor-widget-container\">\n\t\t\t\t\t<div class=\"elementor-shortcode\"><div class=\"sportspress\"><div class=\"sp-template sp-template-event-details\">\n\t<h4 class=\"sp-table-caption\">Detalhes<\/h4>\n\t<div class=\"sp-table-wrapper\">\n\t\t<table class=\"sp-event-details sp-data-table\n\t\t\t\t\t sp-scrollable-table\">\n\t\t\t<thead>\n\t\t\t\t<tr>\n\t\t\t\t\t\t\t\t\t\t\t<th>Data<\/th>\n\t\t\t\t\t\t\t\t\t\t\t\t<th>Tempo<\/th>\n\t\t\t\t\t\t\t\t\t\t\t\t<th>Liga<\/th>\n\t\t\t\t\t\t\t\t\t\t\t\t<th>Temporada<\/th>\n\t\t\t\t\t\t\t\t\t\t\t\t<th>Tempo Integral<\/th>\n\t\t\t\t\t\t\t\t\t\t<\/tr>\n\t\t\t<\/thead>\n\t\t\t<tbody>\n\t\t\t\t<tr class=\"odd\">\n\t\t\t\t\t\t\t\t\t\t\t<td>05\/05\/2023<\/td>\n\t\t\t\t\t\t\t\t\t\t\t\t<td>21:00<\/td>\n\t\t\t\t\t\t\t\t\t\t\t\t<td>Copa Internacional de Futebol Legends 2023<\/td>\n\t\t\t\t\t\t\t\t\t\t\t\t<td>2023<\/td>\n\t\t\t\t\t\t\t\t\t\t\t\t<td>90'<\/td>\n\t\t\t\t\t\t\t\t\t\t<\/tr>\n\t\t\t<\/tbody>\n\t\t<\/table>\n\t<\/div>\n<\/div>\n<\/div><\/div>\n\t\t\t\t<\/div>\n\t\t\t\t<\/div>\n\t\t\t\t\t<\/div>\n\t\t<\/div>\n\t\t\t\t\t\t\t<\/div>\n\t\t<\/section>\n\t\t\t\t<section class=\"elementor-section elementor-top-section elementor-element elementor-element-5961237 elementor-section-boxed elementor-section-height-default elementor-section-height-default wpr-particle-no wpr-jarallax-no wpr-parallax-no wpr-sticky-section-no\" data-id=\"5961237\" data-element_type=\"section\">\n\t\t\t\t\t\t<div class=\"elementor-container elementor-column-gap-default\">\n\t\t\t\t\t<div class=\"elementor-column elementor-col-100 elementor-top-column elementor-element elementor-element-c1c9f54\" data-id=\"c1c9f54\" data-element_type=\"column\">\n\t\t\t<div class=\"elementor-widget-wrap elementor-element-populated\">\n\t\t\t\t\t\t\t\t<div class=\"elementor-element elementor-element-20c50e4 elementor-widget elementor-widget-shortcode\" data-id=\"20c50e4\" data-element_type=\"widget\" data-widget_type=\"shortcode.default\">\n\t\t\t\t<div class=\"elementor-widget-container\">\n\t\t\t\t\t<div class=\"elementor-shortcode\"><div class=\"sportspress\"><div class=\"sp-template sp-template-event-logos sp-template-event-logos-inline\"><div class=\"sp-event-logos sp-event-logos-2\"><span class=\"sp-team-logo\"><a href=\"https:\/\/ligamasterdefutebol.com.br\/?sp_team=flamengo\"><strong class=\"sp-team-name\">Flamengo<\/strong> <img width=\"128\" height=\"128\" src=\"https:\/\/ligamasterdefutebol.com.br\/wp-content\/uploads\/2022\/06\/flamengo-128x128.png\" class=\"attachment-sportspress-fit-icon size-sportspress-fit-icon wp-post-image\" alt=\"\" loading=\"lazy\" \/><\/a> <strong class=\"sp-team-result\">2<\/strong><\/span> X <span class=\"sp-team-logo\"><strong class=\"sp-team-result\">1<\/strong> <a href=\"https:\/\/ligamasterdefutebol.com.br\/?sp_team=vasco-da-gama\"><img width=\"128\" height=\"128\" src=\"https:\/\/ligamasterdefutebol.com.br\/wp-content\/uploads\/2023\/02\/ESCUDO-VASCO-RGB-128x128.png\" class=\"attachment-sportspress-fit-icon size-sportspress-fit-icon wp-post-image\" alt=\"\" loading=\"lazy\" \/> <strong class=\"sp-team-name\">Vasco<\/strong><\/a><\/span><\/div><\/div><\/div><\/div>\n\t\t\t\t<\/div>\n\t\t\t\t<\/div>\n\t\t\t\t\t<\/div>\n\t\t<\/div>\n\t\t\t\t\t\t\t<\/div>\n\t\t<\/section>\n\t\t\t\t<section class=\"elementor-section elementor-top-section elementor-element elementor-element-d92cdee elementor-section-boxed elementor-section-height-default elementor-section-height-default wpr-particle-no wpr-jarallax-no wpr-parallax-no wpr-sticky-section-no\" data-id=\"d92cdee\" data-element_type=\"section\">\n\t\t\t\t\t\t<div class=\"elementor-container elementor-column-gap-default\">\n\t\t\t\t\t<div class=\"elementor-column elementor-col-100 elementor-top-column elementor-element elementor-element-abedf6c\" data-id=\"abedf6c\" data-element_type=\"column\">\n\t\t\t<div class=\"elementor-widget-wrap elementor-element-populated\">\n\t\t\t\t\t\t\t\t<div class=\"elementor-element elementor-element-126d7ce elementor-widget elementor-widget-shortcode\" data-id=\"126d7ce\" data-element_type=\"widget\" data-widget_type=\"shortcode.default\">\n\t\t\t\t<div class=\"elementor-widget-container\">\n\t\t\t\t\t<div class=\"elementor-shortcode\"><div class=\"sportspress\">\t<div class=\"sp-template sp-template-event-venue\">\n\t\t<h4 class=\"sp-table-caption\">Campo<\/h4>\n\t\t<table class=\"sp-data-table sp-event-venue\">\n\t\t\t<thead>\n\t\t\t\t<tr>\n\t\t\t\t\t<th><a href=\"https:\/\/ligamasterdefutebol.com.br\/?sp_venue=estadio-elcyr-resende-de-mendonca\">Est\u00e1dio Elcyr Resende de Mendon\u00e7a<\/a><\/th>\n\t\t\t\t<\/tr>\n\t\t\t<\/thead>\n\t\t\t\t\t\t\t<tbody>\n\t\t\t\t\t<tr class=\"sp-event-venue-map-row\">\n\t\t\t\t\t\t<td>\t\t<div class=\"sp-google-map-container\">\n\t\t  <iframe\n\t\t\tclass=\"sp-google-map\"\n\t\t\twidth=\"600\"\n\t\t\theight=\"320\"\n\t\t\tframeborder=\"0\" style=\"border:0\"\n      src=\"\/\/www.google.com\/maps\/embed\/v1\/view?key=%41%49%7A%61%53%79%41%35%32%66%47%44%44%61%67%39%58%53%64%67%33%6C%79%5A%2D%32%34%7A%56%7A%39%67%4F%7A%55%56%57%68%77&center=-22.8951209,-42.4729353&zoom=15&maptype=roadmap\" allowfullscreen>\n\t\t  <\/iframe>\n\t\t  <a href=\"https:\/\/www.google.com\/maps\/place\/Rua+Capit%C3%A3o+Nunes%2C+Bacax%C3%A1%2C+Saquarema%2C+Regi%C3%A3o+Geogr%C3%A1fica+Imediata+do+Rio+de+Janeiro%2C+Regi%C3%A3o+Geogr%C3%A1fica+Intermedi%C3%A1ria+do+Rio+de+Janeiro%2C+Rio+de+Janeiro%2C+Regi%C3%A3o+Sudeste%2C+28994-717%2C+Brasil\/@-22.8951209,-42.4729353,15z\" target=\"_blank\" class=\"sp-google-map-link\"><\/a>\n\t\t<\/div>\n\t<\/td>\n\t\t\t\t\t<\/tr>\n\t\t\t\t\t\t\t\t\t\t\t<tr class=\"sp-event-venue-address-row\">\n\t\t\t\t\t\t\t<td>Rua Capit\u00e3o Nunes, Bacax\u00e1, Saquarema, Regi\u00e3o Geogr\u00e1fica Imediata do Rio de Janeiro, Regi\u00e3o Geogr\u00e1fica Intermedi\u00e1ria do Rio de Janeiro, Rio de Janeiro, Regi\u00e3o Sudeste, 28994-717, Brasil<\/td>\n\t\t\t\t\t\t<\/tr>\n\t\t\t\t\t\t\t\t\t<\/tbody>\n\t\t\t\t\t<\/table>\n\t<\/div>\n\t<\/div><\/div>\n\t\t\t\t<\/div>\n\t\t\t\t<\/div>\n\t\t\t\t\t<\/div>\n\t\t<\/div>\n\t\t\t\t\t\t\t<\/div>\n\t\t<\/section>\n\t\t\t\t\t\t\t<\/div>\n\t\t","protected":false},"excerpt":{"rendered":"<p>Pr\u00f3ximo jogos<\/p>\n","protected":false},"author":1,"featured_media":0,"parent":0,"menu_order":0,"comment_status":"closed","ping_status":"closed","template":"elementor_header_footer","meta":{"om_disable_all_campaigns":false,"_mi_skip_tracking":false},"aioseo_notices":[],"_links":{"self":[{"href":"https:\/\/ligamasterdefutebol.com.br\/index.php?rest_route=\/wp\/v2\/pages\/793"}],"collection":[{"href":"https:\/\/ligamasterdefutebol.com.br\/index.php?rest_route=\/wp\/v2\/pages"}],"about":[{"href":"https:\/\/ligamasterdefutebol.com.br\/index.php?rest_route=\/wp\/v2\/types\/page"}],"author":[{"embeddable":true,"href":"https:\/\/ligamasterdefutebol.com.br\/index.php?rest_route=\/wp\/v2\/users\/1"}],"replies":[{"embeddable":true,"href":"https:\/\/ligamasterdefutebol.com.br\/index.php?rest_route=%2Fwp%2Fv2%2Fcomments&post=793"}],"version-history":[{"count":7,"href":"https:\/\/ligamasterdefutebol.com.br\/index.php?rest_route=\/wp\/v2\/pages\/793\/revisions"}],"predecessor-version":[{"id":801,"href":"https:\/\/ligamasterdefutebol.com.br\/index.php?rest_route=\/wp\/v2\/pages\/793\/revisions\/801"}],"wp:attachment":[{"href":"https:\/\/ligamasterdefutebol.com.br\/index.php?rest_route=%2Fwp%2Fv2%2Fmedia&parent=793"}],"curies":[{"name":"wp","href":"https:\/\/api.w.org\/{rel}","templated":true}]}}